{"id":1145,"date":"2025-06-24T13:13:05","date_gmt":"2025-06-24T12:13:05","guid":{"rendered":"http:\/\/wordpress.p692273.webspaceconfig.de\/imprimir\/"},"modified":"2025-07-15T07:50:38","modified_gmt":"2025-07-15T06:50:38","slug":"imprimir","status":"publish","type":"page","link":"https:\/\/people-quarder.de\/es\/imprimir\/","title":{"rendered":"imprimir"},"content":{"rendered":"\t\t<div data-elementor-type=\"wp-page\" data-elementor-id=\"1145\" class=\"elementor elementor-1145 elementor-557\" data-elementor-post-type=\"page\">\n\t\t\t\t<div class=\"elementor-element elementor-element-ee17536 e-flex e-con-boxed e-con e-parent\" data-id=\"ee17536\" data-element_type=\"container\" data-e-type=\"container\">\n\t\t\t\t\t<div class=\"e-con-inner\">\n\t\t\t\t<div class=\"elementor-element elementor-element-3117bb1 elementor-widget elementor-widget-heading\" data-id=\"3117bb1\" data-element_type=\"widget\" data-e-type=\"widget\" data-widget_type=\"heading.default\">\n\t\t\t\t\t<h2 class=\"elementor-heading-title elementor-size-default\">imprimir<\/h2>\t\t\t\t<\/div>\n\t\t\t\t<div class=\"elementor-element elementor-element-dbacc95 elementor-widget elementor-widget-text-editor\" data-id=\"dbacc95\" data-element_type=\"widget\" data-e-type=\"widget\" data-widget_type=\"text-editor.default\">\n\t\t\t\t\t\t\t\t\t<p><strong>nombre<\/strong><br> Erwin Quarder Systemtechnik GmbH<\/p><p><strong>DIRECCI\u00d3N<\/strong><br> Calle Fritz-Souchon 2<br> 32339<br> Espelkamp<\/p><p><strong>Direcci\u00f3n de correo electr\u00f3nico<\/strong><br> <a href=\"mailto:info@quarder.de\">info@quarder.de<\/a><\/p><p><strong>ID de IVA<\/strong><br> DE 811327155<\/p><p><strong>registro<\/strong><br> Tribunal de Distrito de Bad Oeynhausen, HRB 9114<\/p><p><strong>tel\u00e9fono<\/strong><br> 05772 91140<\/p><p><strong>Responsable del contenido<\/strong><br> Mart\u00edn Quarder<br> Klaus B\u00f6nning<\/p><p><strong>Representante autorizado<\/strong><br> Mart\u00edn Quarder<br> Klaus B\u00f6nning<\/p>\t\t\t\t\t\t\t\t<\/div>\n\t\t\t\t\t<\/div>\n\t\t\t\t<\/div>\n\t\t\t\t<\/div>\n\t\t","protected":false},"excerpt":{"rendered":"<p>imprimir nombre Erwin Quarder Systemtechnik GmbH DIRECCI\u00d3N Calle Fritz-Souchon 2 32339 Espelkamp Direcci\u00f3n de correo electr\u00f3nico info@quarder.de ID de IVA DE 811327155 registro Tribunal de Distrito de Bad Oeynhausen, HRB 9114 tel\u00e9fono 05772 91140 Responsable del contenido Mart\u00edn Quarder Klaus B\u00f6nning Representante autorizado Mart\u00edn Quarder Klaus B\u00f6nning<\/p>\n","protected":false},"author":3,"featured_media":0,"parent":0,"menu_order":0,"comment_status":"closed","ping_status":"closed","template":"","meta":{"footnotes":""},"class_list":["post-1145","page","type-page","status-publish","hentry"],"_links":{"self":[{"href":"https:\/\/people-quarder.de\/es\/wp-json\/wp\/v2\/pages\/1145","targetHints":{"allow":["GET"]}}],"collection":[{"href":"https:\/\/people-quarder.de\/es\/wp-json\/wp\/v2\/pages"}],"about":[{"href":"https:\/\/people-quarder.de\/es\/wp-json\/wp\/v2\/types\/page"}],"author":[{"embeddable":true,"href":"https:\/\/people-quarder.de\/es\/wp-json\/wp\/v2\/users\/3"}],"replies":[{"embeddable":true,"href":"https:\/\/people-quarder.de\/es\/wp-json\/wp\/v2\/comments?post=1145"}],"version-history":[{"count":1,"href":"https:\/\/people-quarder.de\/es\/wp-json\/wp\/v2\/pages\/1145\/revisions"}],"predecessor-version":[{"id":1146,"href":"https:\/\/people-quarder.de\/es\/wp-json\/wp\/v2\/pages\/1145\/revisions\/1146"}],"wp:attachment":[{"href":"https:\/\/people-quarder.de\/es\/wp-json\/wp\/v2\/media?parent=1145"}],"curies":[{"name":"wp","href":"https:\/\/api.w.org\/{rel}","templated":true}]}}